{"id":22,"date":"2026-01-30T06:40:57","date_gmt":"2026-01-30T06:40:57","guid":{"rendered":"https:\/\/iberaspain.com\/contact\/"},"modified":"2026-04-10T05:13:17","modified_gmt":"2026-04-10T05:13:17","slug":"kontakti","status":"publish","type":"page","link":"https:\/\/iberaspain.com\/en\/kontakti\/","title":{"rendered":"Contact Us"},"content":{"rendered":"\t\t<div data-elementor-type=\"wp-post\" data-elementor-id=\"22\" class=\"elementor elementor-22\">\n\t\t\t\t<div class=\"elementor-element elementor-element-a290d88 e-flex e-con-boxed e-con e-parent\" data-id=\"a290d88\" data-element_type=\"container\" data-e-type=\"container\" data-settings=\"{&quot;background_background&quot;:&quot;classic&quot;}\">\n\t\t\t\t\t<div class=\"e-con-inner\">\n\t\t<div class=\"elementor-element elementor-element-199c866 e-con-full e-flex e-con e-child\" data-id=\"199c866\" data-element_type=\"container\" data-e-type=\"container\">\n\t\t\t\t<div class=\"elementor-element elementor-element-92bd5a5 elementor-widget elementor-widget-heading\" data-id=\"92bd5a5\" data-element_type=\"widget\" data-e-type=\"widget\" data-widget_type=\"heading.default\">\n\t\t\t\t<div class=\"elementor-widget-container\">\n\t\t\t\t\t<h2 class=\"elementor-heading-title elementor-size-default\">Kontakti<\/h2>\t\t\t\t<\/div>\n\t\t\t\t<\/div>\n\t\t\t\t<div class=\"elementor-element elementor-element-c8a81e8 elementor-widget-divider--view-line elementor-widget elementor-widget-divider\" data-id=\"c8a81e8\" data-element_type=\"widget\" data-e-type=\"widget\" data-widget_type=\"divider.default\">\n\t\t\t\t<div class=\"elementor-widget-container\">\n\t\t\t\t\t\t\t<div class=\"elementor-divider\">\n\t\t\t<span class=\"elementor-divider-separator\">\n\t\t\t\t\t\t<\/span>\n\t\t<\/div>\n\t\t\t\t\t\t<\/div>\n\t\t\t\t<\/div>\n\t\t\t\t<\/div>\n\t\t\t\t\t<\/div>\n\t\t\t\t<\/div>\n\t\t<div class=\"elementor-element elementor-element-f032f70 e-flex e-con-boxed e-con e-parent\" data-id=\"f032f70\" data-element_type=\"container\" data-e-type=\"container\" data-settings=\"{&quot;background_background&quot;:&quot;classic&quot;}\">\n\t\t\t\t\t<div class=\"e-con-inner\">\n\t\t<div class=\"elementor-element elementor-element-37d5db9 e-con-full e-flex e-con e-child\" data-id=\"37d5db9\" data-element_type=\"container\" data-e-type=\"container\">\n\t\t<div class=\"elementor-element elementor-element-6436d08 e-flex e-con-boxed e-con e-child\" data-id=\"6436d08\" data-element_type=\"container\" data-e-type=\"container\">\n\t\t\t\t\t<div class=\"e-con-inner\">\n\t\t<div class=\"elementor-element elementor-element-5c0f4d7 e-con-full e-flex e-con e-child\" data-id=\"5c0f4d7\" data-element_type=\"container\" data-e-type=\"container\">\n\t\t<div class=\"elementor-element elementor-element-76828cb e-con-full e-flex e-con e-child\" data-id=\"76828cb\" data-element_type=\"container\" data-e-type=\"container\">\n\t\t\t\t<div class=\"elementor-element elementor-element-483309d elementor-widget elementor-widget-heading\" data-id=\"483309d\" data-element_type=\"widget\" data-e-type=\"widget\" data-widget_type=\"heading.default\">\n\t\t\t\t<div class=\"elementor-widget-container\">\n\t\t\t\t\t<h2 class=\"elementor-heading-title elementor-size-default\">M\u0113s labpr\u0101t pal\u012bdz\u0113sim!<\/h2>\t\t\t\t<\/div>\n\t\t\t\t<\/div>\n\t\t\t\t<div class=\"elementor-element elementor-element-2ea9782 elementor-widget elementor-widget-text-editor\" data-id=\"2ea9782\" data-element_type=\"widget\" data-e-type=\"widget\" data-widget_type=\"text-editor.default\">\n\t\t\t\t<div class=\"elementor-widget-container\">\n\t\t\t\t\t\t\t\t\t<p>Jaut\u0101jumi, neskaidr\u012bbas&#8230;? M\u0113s v\u0113lamies pal\u012bdz\u0113t. S\u016btiet mums zi\u0146u.<\/p><p>M\u0113s ar jums sazin\u0101simies maz\u0101k nek\u0101 24 stundu laik\u0101.<\/p>\t\t\t\t\t\t\t\t<\/div>\n\t\t\t\t<\/div>\n\t\t\t\t<\/div>\n\t\t<div class=\"elementor-element elementor-element-b0a61f5 e-con-full e-flex e-con e-child\" data-id=\"b0a61f5\" data-element_type=\"container\" data-e-type=\"container\">\n\t\t<div class=\"elementor-element elementor-element-e8aa0e3 e-con-full e-flex e-con e-child\" data-id=\"e8aa0e3\" data-element_type=\"container\" data-e-type=\"container\">\n\t\t\t\t<div class=\"elementor-element elementor-element-04ba116 elementor-align-start elementor-icon-list--layout-traditional elementor-list-item-link-full_width elementor-widget elementor-widget-icon-list\" data-id=\"04ba116\" data-element_type=\"widget\" data-e-type=\"widget\" data-widget_type=\"icon-list.default\">\n\t\t\t\t<div class=\"elementor-widget-container\">\n\t\t\t\t\t\t\t<ul class=\"elementor-icon-list-items\">\n\t\t\t\t\t\t\t<li class=\"elementor-icon-list-item\">\n\t\t\t\t\t\t\t\t\t\t\t<a href=\"mailto:info@iberaspain.com\">\n\n\t\t\t\t\t\t\t\t\t\t\t\t<span class=\"elementor-icon-list-icon\">\n\t\t\t\t\t\t\t<i aria-hidden=\"true\" class=\"far fa-envelope\"><\/i>\t\t\t\t\t\t<\/span>\n\t\t\t\t\t\t\t\t\t\t<span class=\"elementor-icon-list-text\">info@iberaspain.com<\/span>\n\t\t\t\t\t\t\t\t\t\t\t<\/a>\n\t\t\t\t\t\t\t\t\t<\/li>\n\t\t\t\t\t\t<\/ul>\n\t\t\t\t\t\t<\/div>\n\t\t\t\t<\/div>\n\t\t\t\t<\/div>\n\t\t\t\t<div class=\"elementor-element elementor-element-a325ea7 e-grid-align-left elementor-shape-rounded elementor-grid-0 elementor-widget elementor-widget-social-icons\" data-id=\"a325ea7\" data-element_type=\"widget\" data-e-type=\"widget\" data-widget_type=\"social-icons.default\">\n\t\t\t\t<div class=\"elementor-widget-container\">\n\t\t\t\t\t\t\t<div class=\"elementor-social-icons-wrapper elementor-grid\">\n\t\t\t\t\t\t\t<span class=\"elementor-grid-item\">\n\t\t\t\t\t<a class=\"elementor-icon elementor-social-icon elementor-social-icon-facebook-f elementor-repeater-item-6ae4a3e\" href=\"https:\/\/www.facebook.com\/IberaSpain\/\" target=\"_blank\">\n\t\t\t\t\t\t<span class=\"elementor-screen-only\">Facebook-f<\/span>\n\t\t\t\t\t\t<i aria-hidden=\"true\" class=\"fab fa-facebook-f\"><\/i>\t\t\t\t\t<\/a>\n\t\t\t\t<\/span>\n\t\t\t\t\t<\/div>\n\t\t\t\t\t\t<\/div>\n\t\t\t\t<\/div>\n\t\t\t\t<\/div>\n\t\t\t\t<div class=\"elementor-element elementor-element-73a1be8 elementor-widget__width-initial elementor-widget elementor-widget-shortcode\" data-id=\"73a1be8\" data-element_type=\"widget\" data-e-type=\"widget\" data-widget_type=\"shortcode.default\">\n\t\t\t\t<div class=\"elementor-widget-container\">\n\t\t\t\t\t\t\t<div class=\"elementor-shortcode\"><div class=\"wpforms-container \" id=\"wpforms-1795\"><form id=\"wpforms-form-1795\" class=\"wpforms-validate wpforms-form\" data-formid=\"1795\" method=\"post\" enctype=\"multipart\/form-data\" action=\"\/en\/wp-json\/wp\/v2\/pages\/22\" data-token=\"63f44f28fd1f458c43ad842b47cebbb6\" data-token-time=\"1776290864\"><noscript class=\"wpforms-error-noscript\">Please enable JavaScript in your browser to complete this form.<\/noscript><div class=\"wpforms-field-container\"><div id=\"wpforms-1795-field_0-container\" class=\"wpforms-field wpforms-field-name\" data-field-id=\"0\"><label class=\"wpforms-field-label wpforms-label-hide\" for=\"wpforms-1795-field_0\">V\u0101rds <span class=\"wpforms-required-label\">*<\/span><\/label><input type=\"text\" id=\"wpforms-1795-field_0\" class=\"wpforms-field-large wpforms-field-required\" name=\"wpforms[fields][0]\" placeholder=\"V\u0101rds\" required><\/div><div id=\"wpforms-1795-field_5-container\" class=\"wpforms-field wpforms-field-text\" data-field-id=\"5\"><label class=\"wpforms-field-label wpforms-label-hide\" for=\"wpforms-1795-field_5\">Telefona Numurs <span class=\"wpforms-required-label\">*<\/span><\/label><input type=\"text\" id=\"wpforms-1795-field_5\" class=\"wpforms-field-large wpforms-field-required\" name=\"wpforms[fields][5]\" placeholder=\"Telefona Numurs\" required><\/div><div id=\"wpforms-1795-field_1-container\" class=\"wpforms-field wpforms-field-email\" data-field-id=\"1\"><label class=\"wpforms-field-label wpforms-label-hide\" for=\"wpforms-1795-field_1\">E-pasts <span class=\"wpforms-required-label\">*<\/span><\/label><input type=\"email\" id=\"wpforms-1795-field_1\" class=\"wpforms-field-large wpforms-field-required\" name=\"wpforms[fields][1]\" placeholder=\"E-pasts\" spellcheck=\"false\" required><\/div><div id=\"wpforms-1795-field_2-container\" class=\"wpforms-field wpforms-field-textarea\" data-field-id=\"2\"><label class=\"wpforms-field-label wpforms-label-hide\" for=\"wpforms-1795-field_2\">Zi\u0146a <span class=\"wpforms-required-label\">*<\/span><\/label><textarea id=\"wpforms-1795-field_2\" class=\"wpforms-field-medium wpforms-field-required\" name=\"wpforms[fields][2]\" placeholder=\"Zi\u0146a\" required><\/textarea><\/div><\/div><!-- .wpforms-field-container --><div class=\"wpforms-field wpforms-field-hp\"><label for=\"wpforms-1795-field-hp\" class=\"wpforms-field-label\">Comment<\/label><input type=\"text\" name=\"wpforms[hp]\" id=\"wpforms-1795-field-hp\" class=\"wpforms-field-medium\"><\/div><div class=\"wpforms-submit-container\" ><input type=\"hidden\" name=\"wpforms[id]\" value=\"1795\"><input type=\"hidden\" name=\"page_title\" value=\"\"><input type=\"hidden\" name=\"page_url\" value=\"https:\/\/iberaspain.com\/en\/wp-json\/wp\/v2\/pages\/22\"><input type=\"hidden\" name=\"url_referer\" value=\"\"><button type=\"submit\" name=\"wpforms[submit]\" id=\"wpforms-submit-1795\" class=\"wpforms-submit\" data-alt-text=\"S\u016bta...\" data-submit-text=\"S\u016bt\u012bt Zi\u0146u\" aria-live=\"assertive\" value=\"wpforms-submit\">S\u016bt\u012bt Zi\u0146u<\/button><\/div><\/form><\/div>  <!-- .wpforms-container --><\/div>\n\t\t\t\t\t\t<\/div>\n\t\t\t\t<\/div>\n\t\t\t\t<\/div>\n\t\t\t\t\t<\/div>\n\t\t\t\t<\/div>\n\t\t\t\t<\/div>\n\t\t\t\t\t<\/div>\n\t\t\t\t<\/div>\n\t\t\t\t<\/div>\n\t\t","protected":false},"excerpt":{"rendered":"<p>Kontakti M\u0113s labpr\u0101t pal\u012bdz\u0113sim! Jaut\u0101jumi, neskaidr\u012bbas&#8230;? M\u0113s v\u0113lamies pal\u012bdz\u0113t. S\u016btiet mums zi\u0146u. M\u0113s ar jums sazin\u0101simies maz\u0101k nek\u0101 24 stundu laik\u0101. info@iberaspain.com Facebook-f<\/p>","protected":false},"author":1,"featured_media":0,"parent":0,"menu_order":0,"comment_status":"closed","ping_status":"closed","template":"elementor_header_footer","meta":{"site-sidebar-layout":"no-sidebar","site-content-layout":"page-builder","ast-site-content-layout":"full-width-container","site-content-style":"unboxed","site-sidebar-style":"unboxed","ast-global-header-display":"","ast-banner-title-visibility":"","ast-main-header-display":"","ast-hfb-above-header-display":"","ast-hfb-below-header-display":"","ast-hfb-mobile-header-display":"","site-post-title":"","ast-breadcrumbs-content":"disabled","ast-featured-img":"disabled","footer-sml-layout":"","ast-disable-related-posts":"","theme-transparent-header-meta":"enabled","adv-header-id-meta":"","stick-header-meta":"","header-above-stick-meta":"","header-main-stick-meta":"","header-below-stick-meta":"","astra-migrate-meta-layouts":"set","ast-page-background-enabled":"default","ast-page-background-meta":{"desktop":{"background-color":"","background-image":"","background-repeat":"repeat","background-position":"center center","background-size":"auto","background-attachment":"scroll","background-type":"","background-media":"","overlay-type":"","overlay-color":"","overlay-opacity":"","overlay-gradient":""},"tablet":{"background-color":"","background-image":"","background-repeat":"repeat","background-position":"center center","background-size":"auto","background-attachment":"scroll","background-type":"","background-media":"","overlay-type":"","overlay-color":"","overlay-opacity":"","overlay-gradient":""},"mobile":{"background-color":"","background-image":"","background-repeat":"repeat","background-position":"center center","background-size":"auto","background-attachment":"scroll","background-type":"","background-media":"","overlay-type":"","overlay-color":"","overlay-opacity":"","overlay-gradient":""}},"ast-content-background-meta":{"desktop":{"background-color":"var(--ast-global-color-5)","background-image":"","background-repeat":"repeat","background-position":"center center","background-size":"auto","background-attachment":"scroll","background-type":"","background-media":"","overlay-type":"","overlay-color":"","overlay-opacity":"","overlay-gradient":""},"tablet":{"background-color":"var(--ast-global-color-5)","background-image":"","background-repeat":"repeat","background-position":"center center","background-size":"auto","background-attachment":"scroll","background-type":"","background-media":"","overlay-type":"","overlay-color":"","overlay-opacity":"","overlay-gradient":""},"mobile":{"background-color":"var(--ast-global-color-5)","background-image":"","background-repeat":"repeat","background-position":"center center","background-size":"auto","background-attachment":"scroll","background-type":"","background-media":"","overlay-type":"","overlay-color":"","overlay-opacity":"","overlay-gradient":""}},"footnotes":""},"class_list":["post-22","page","type-page","status-publish","hentry"],"yoast_head":"<!-- This site is optimized with the Yoast SEO plugin v26.9 - https:\/\/yoast.com\/product\/yoast-seo-wordpress\/ -->\n<title>Kontakti - IberaSpain<\/title>\n<meta name=\"description\" content=\"Jaut\u0101jumi, neskaidr\u012bbas\u2026? M\u0113s v\u0113lamies pal\u012bdz\u0113t. S\u016btiet mums zi\u0146u. M\u0113s ar jums sazin\u0101simies maz\u0101k nek\u0101 24 stundu laik\u0101.\" \/>\n<meta name=\"robots\" content=\"index, follow, max-snippet:-1, max-image-preview:large, max-video-preview:-1\" \/>\n<link rel=\"canonical\" href=\"https:\/\/iberaspain.com\/en\/kontakti\/\" \/>\n<meta property=\"og:locale\" content=\"en_GB\" \/>\n<meta property=\"og:type\" content=\"article\" \/>\n<meta property=\"og:title\" content=\"Kontakti - IberaSpain\" \/>\n<meta property=\"og:description\" content=\"Jaut\u0101jumi, neskaidr\u012bbas\u2026? M\u0113s v\u0113lamies pal\u012bdz\u0113t. S\u016btiet mums zi\u0146u. M\u0113s ar jums sazin\u0101simies maz\u0101k nek\u0101 24 stundu laik\u0101.\" \/>\n<meta property=\"og:url\" content=\"https:\/\/iberaspain.com\/en\/kontakti\/\" \/>\n<meta property=\"og:site_name\" content=\"IberaSpain\" \/>\n<meta property=\"article:publisher\" content=\"https:\/\/www.facebook.com\/IberaSpain\/\" \/>\n<meta property=\"article:modified_time\" content=\"2026-04-10T05:13:17+00:00\" \/>\n<meta property=\"og:image\" content=\"https:\/\/iberaspain.com\/wp-content\/uploads\/2026\/02\/Website-cover.png\" \/>\n\t<meta property=\"og:image:width\" content=\"1200\" \/>\n\t<meta property=\"og:image:height\" content=\"675\" \/>\n\t<meta property=\"og:image:type\" content=\"image\/png\" \/>\n<meta name=\"twitter:card\" content=\"summary_large_image\" \/>\n<meta name=\"twitter:label1\" content=\"Est. reading time\" \/>\n\t<meta name=\"twitter:data1\" content=\"2 minutes\" \/>\n<script type=\"application\/ld+json\" class=\"yoast-schema-graph\">{\"@context\":\"https:\/\/schema.org\",\"@graph\":[{\"@type\":\"WebPage\",\"@id\":\"https:\/\/iberaspain.com\/kontakti\/\",\"url\":\"https:\/\/iberaspain.com\/kontakti\/\",\"name\":\"Kontakti - IberaSpain\",\"isPartOf\":{\"@id\":\"https:\/\/iberaspain.com\/#website\"},\"datePublished\":\"2026-01-30T06:40:57+00:00\",\"dateModified\":\"2026-04-10T05:13:17+00:00\",\"description\":\"Jaut\u0101jumi, neskaidr\u012bbas\u2026? M\u0113s v\u0113lamies pal\u012bdz\u0113t. S\u016btiet mums zi\u0146u. M\u0113s ar jums sazin\u0101simies maz\u0101k nek\u0101 24 stundu laik\u0101.\",\"breadcrumb\":{\"@id\":\"https:\/\/iberaspain.com\/kontakti\/#breadcrumb\"},\"inLanguage\":\"en-GB\",\"potentialAction\":[{\"@type\":\"ReadAction\",\"target\":[\"https:\/\/iberaspain.com\/kontakti\/\"]}]},{\"@type\":\"BreadcrumbList\",\"@id\":\"https:\/\/iberaspain.com\/kontakti\/#breadcrumb\",\"itemListElement\":[{\"@type\":\"ListItem\",\"position\":1,\"name\":\"Home\",\"item\":\"https:\/\/iberaspain.com\/\"},{\"@type\":\"ListItem\",\"position\":2,\"name\":\"Kontakti\"}]},{\"@type\":\"WebSite\",\"@id\":\"https:\/\/iberaspain.com\/#website\",\"url\":\"https:\/\/iberaspain.com\/\",\"name\":\"IberaSpain\",\"description\":\"Profesion\u0101la piek\u013cuve nekustam\u0101 \u012bpa\u0161uma dar\u012bjumiem Sp\u0101nij\u0101.\",\"publisher\":{\"@id\":\"https:\/\/iberaspain.com\/#organization\"},\"potentialAction\":[{\"@type\":\"SearchAction\",\"target\":{\"@type\":\"EntryPoint\",\"urlTemplate\":\"https:\/\/iberaspain.com\/?s={search_term_string}\"},\"query-input\":{\"@type\":\"PropertyValueSpecification\",\"valueRequired\":true,\"valueName\":\"search_term_string\"}}],\"inLanguage\":\"en-GB\"},{\"@type\":\"Organization\",\"@id\":\"https:\/\/iberaspain.com\/#organization\",\"name\":\"IberaSpain\",\"url\":\"https:\/\/iberaspain.com\/\",\"logo\":{\"@type\":\"ImageObject\",\"inLanguage\":\"en-GB\",\"@id\":\"https:\/\/iberaspain.com\/#\/schema\/logo\/image\/\",\"url\":\"https:\/\/iberaspain.com\/wp-content\/uploads\/2026\/02\/Ibera-Spain-Logo-FB.png\",\"contentUrl\":\"https:\/\/iberaspain.com\/wp-content\/uploads\/2026\/02\/Ibera-Spain-Logo-FB.png\",\"width\":1000,\"height\":1000,\"caption\":\"IberaSpain\"},\"image\":{\"@id\":\"https:\/\/iberaspain.com\/#\/schema\/logo\/image\/\"},\"sameAs\":[\"https:\/\/www.facebook.com\/IberaSpain\/\"]}]}<\/script>\n<!-- \/ Yoast SEO plugin. -->","yoast_head_json":{"title":"Kontakti - IberaSpain","description":"Jaut\u0101jumi, neskaidr\u012bbas\u2026? M\u0113s v\u0113lamies pal\u012bdz\u0113t. S\u016btiet mums zi\u0146u. M\u0113s ar jums sazin\u0101simies maz\u0101k nek\u0101 24 stundu laik\u0101.","robots":{"index":"index","follow":"follow","max-snippet":"max-snippet:-1","max-image-preview":"max-image-preview:large","max-video-preview":"max-video-preview:-1"},"canonical":"https:\/\/iberaspain.com\/en\/kontakti\/","og_locale":"en_GB","og_type":"article","og_title":"Kontakti - IberaSpain","og_description":"Jaut\u0101jumi, neskaidr\u012bbas\u2026? M\u0113s v\u0113lamies pal\u012bdz\u0113t. S\u016btiet mums zi\u0146u. M\u0113s ar jums sazin\u0101simies maz\u0101k nek\u0101 24 stundu laik\u0101.","og_url":"https:\/\/iberaspain.com\/en\/kontakti\/","og_site_name":"IberaSpain","article_publisher":"https:\/\/www.facebook.com\/IberaSpain\/","article_modified_time":"2026-04-10T05:13:17+00:00","og_image":[{"width":1200,"height":675,"url":"https:\/\/iberaspain.com\/wp-content\/uploads\/2026\/02\/Website-cover.png","type":"image\/png"}],"twitter_card":"summary_large_image","twitter_misc":{"Est. reading time":"2 minutes"},"schema":{"@context":"https:\/\/schema.org","@graph":[{"@type":"WebPage","@id":"https:\/\/iberaspain.com\/kontakti\/","url":"https:\/\/iberaspain.com\/kontakti\/","name":"Kontakti - IberaSpain","isPartOf":{"@id":"https:\/\/iberaspain.com\/#website"},"datePublished":"2026-01-30T06:40:57+00:00","dateModified":"2026-04-10T05:13:17+00:00","description":"Jaut\u0101jumi, neskaidr\u012bbas\u2026? M\u0113s v\u0113lamies pal\u012bdz\u0113t. S\u016btiet mums zi\u0146u. M\u0113s ar jums sazin\u0101simies maz\u0101k nek\u0101 24 stundu laik\u0101.","breadcrumb":{"@id":"https:\/\/iberaspain.com\/kontakti\/#breadcrumb"},"inLanguage":"en-GB","potentialAction":[{"@type":"ReadAction","target":["https:\/\/iberaspain.com\/kontakti\/"]}]},{"@type":"BreadcrumbList","@id":"https:\/\/iberaspain.com\/kontakti\/#breadcrumb","itemListElement":[{"@type":"ListItem","position":1,"name":"Home","item":"https:\/\/iberaspain.com\/"},{"@type":"ListItem","position":2,"name":"Kontakti"}]},{"@type":"WebSite","@id":"https:\/\/iberaspain.com\/#website","url":"https:\/\/iberaspain.com\/","name":"IberaSpain","description":"Profesion\u0101la piek\u013cuve nekustam\u0101 \u012bpa\u0161uma dar\u012bjumiem Sp\u0101nij\u0101.","publisher":{"@id":"https:\/\/iberaspain.com\/#organization"},"potentialAction":[{"@type":"SearchAction","target":{"@type":"EntryPoint","urlTemplate":"https:\/\/iberaspain.com\/?s={search_term_string}"},"query-input":{"@type":"PropertyValueSpecification","valueRequired":true,"valueName":"search_term_string"}}],"inLanguage":"en-GB"},{"@type":"Organization","@id":"https:\/\/iberaspain.com\/#organization","name":"IberaSpain","url":"https:\/\/iberaspain.com\/","logo":{"@type":"ImageObject","inLanguage":"en-GB","@id":"https:\/\/iberaspain.com\/#\/schema\/logo\/image\/","url":"https:\/\/iberaspain.com\/wp-content\/uploads\/2026\/02\/Ibera-Spain-Logo-FB.png","contentUrl":"https:\/\/iberaspain.com\/wp-content\/uploads\/2026\/02\/Ibera-Spain-Logo-FB.png","width":1000,"height":1000,"caption":"IberaSpain"},"image":{"@id":"https:\/\/iberaspain.com\/#\/schema\/logo\/image\/"},"sameAs":["https:\/\/www.facebook.com\/IberaSpain\/"]}]}},"_links":{"self":[{"href":"https:\/\/iberaspain.com\/en\/wp-json\/wp\/v2\/pages\/22","targetHints":{"allow":["GET"]}}],"collection":[{"href":"https:\/\/iberaspain.com\/en\/wp-json\/wp\/v2\/pages"}],"about":[{"href":"https:\/\/iberaspain.com\/en\/wp-json\/wp\/v2\/types\/page"}],"author":[{"embeddable":true,"href":"https:\/\/iberaspain.com\/en\/wp-json\/wp\/v2\/users\/1"}],"replies":[{"embeddable":true,"href":"https:\/\/iberaspain.com\/en\/wp-json\/wp\/v2\/comments?post=22"}],"version-history":[{"count":129,"href":"https:\/\/iberaspain.com\/en\/wp-json\/wp\/v2\/pages\/22\/revisions"}],"predecessor-version":[{"id":2376,"href":"https:\/\/iberaspain.com\/en\/wp-json\/wp\/v2\/pages\/22\/revisions\/2376"}],"wp:attachment":[{"href":"https:\/\/iberaspain.com\/en\/wp-json\/wp\/v2\/media?parent=22"}],"curies":[{"name":"wp","href":"https:\/\/api.w.org\/{rel}","templated":true}]}}